{"id":720,"date":"2024-03-24T16:51:39","date_gmt":"2024-03-24T16:51:39","guid":{"rendered":"https:\/\/pokeroff.com\/?page_id=720"},"modified":"2024-04-12T12:29:27","modified_gmt":"2024-04-12T12:29:27","slug":"nehmen-sie-kontakt-auf","status":"publish","type":"page","link":"https:\/\/pokeroff.com\/de\/nehmen-sie-kontakt-auf\/","title":{"rendered":"Nehmen Sie Kontakt auf!"},"content":{"rendered":"\n<p>Wir sind hier, um Ihnen zu helfen, Ihr Pokerspiel zu verbessern, egal ob Sie gerade erst anfangen oder ein erfahrener High Roller sind. Unser Team ist jeden Tag, auch am Wochenende, verf\u00fcgbar, um Unterst\u00fctzung zu bieten und alle Ihre Fragen zu beantworten. Kontaktieren Sie uns \u00fcber einen der folgenden Kan\u00e4le:<\/p>\n\n<ul>\n<li>support@pokeroff.com<\/li>\n\n\n\n<li><a href=\"skype:28:ab33490f-92a8-4dd0-92fb-c059d3fc43da?chat\">Skype<\/a><\/li>\n\n\n\n<li><a href=\"https:\/\/tgclick.com\/pokeroffsupportru\" target=\"_blank\" rel=\"noreferrer noopener\">Telegram<\/a><\/li>\n<\/ul>\n\n<h2 class=\"wp-block-heading\">Was wir bieten<\/h2>\n\n<ul>\n<li><strong>F\u00fcr Anf\u00e4nger<\/strong>: Exklusive Freerolls, Boni ohne Einzahlung und Lehrmaterialien, um Ihre Reise zu beginnen.<\/li>\n\n\n\n<li><strong>F\u00fcr Stammkunden<\/strong>: Hohe Rakeback-Angebote, eine Agenturkasse, Unterst\u00fctzung und Software, um Ihr Spiel zu verbessern.<\/li>\n\n\n\n<li><strong>F\u00fcr High Roller<\/strong>: Spezielle Boni, ein pers\u00f6nlicher Manager und einzigartige Angebote, speziell f\u00fcr Sie entworfen.<\/li>\n<\/ul>\n\n<p>F\u00fchlen Sie sich frei, uns \u00fcber Ihren bevorzugten Kommunikationsweg zu erreichen. Unsere Berater sind begierig darauf, Ihnen zu assistieren und sicherzustellen, dass Sie die bestm\u00f6gliche Pokererfahrung haben.<\/p>\n","protected":false},"excerpt":{"rendered":"<p>Wir sind hier, um Ihnen zu helfen, Ihr Pokerspiel zu verbessern, egal ob Sie gerade erst anfangen oder ein erfahrener High Roller sind. Unser Team ist jeden Tag, auch am Wochenende, verf\u00fcgbar, um Unterst\u00fctzung zu bieten und alle Ihre Fragen zu beantworten. Kontaktieren Sie uns \u00fcber einen der folgenden Kan\u00e4le: Was wir bieten F\u00fchlen Sie [&hellip;]<\/p>\n","protected":false},"author":6,"featured_media":0,"parent":0,"menu_order":0,"comment_status":"closed","ping_status":"closed","template":"for-text-content","meta":{"_acf_changed":false,"inline_featured_image":false,"footnotes":""},"acf":[],"yoast_head":"\n<title>Nehmen Sie Kontakt auf! :<\/title>\n<meta name=\"robots\" content=\"index, follow, max-snippet:-1, max-image-preview:large, max-video-preview:-1\" \/>\n<link rel=\"canonical\" href=\"https:\/\/pokeroff.com\/de\/nehmen-sie-kontakt-auf\/\" \/>\n<meta property=\"og:locale\" content=\"de_DE\" \/>\n<meta property=\"og:type\" content=\"article\" \/>\n<meta property=\"og:title\" content=\"Nehmen Sie Kontakt auf! :\" \/>\n<meta property=\"og:description\" content=\"Wir sind hier, um Ihnen zu helfen, Ihr Pokerspiel zu verbessern, egal ob Sie gerade erst anfangen oder ein erfahrener High Roller sind. Unser Team ist jeden Tag, auch am Wochenende, verf\u00fcgbar, um Unterst\u00fctzung zu bieten und alle Ihre Fragen zu beantworten. Kontaktieren Sie uns \u00fcber einen der folgenden Kan\u00e4le: Was wir bieten F\u00fchlen Sie [&hellip;]\" \/>\n<meta property=\"og:url\" content=\"https:\/\/pokeroff.com\/de\/nehmen-sie-kontakt-auf\/\" \/>\n<meta property=\"article:modified_time\" content=\"2024-04-12T12:29:27+00:00\" \/>\n<meta name=\"twitter:card\" content=\"summary_large_image\" \/>\n<meta name=\"twitter:label1\" content=\"Est. reading time\" \/>\n\t<meta name=\"twitter:data1\" content=\"1 Minute\" \/>\n<script type=\"application\/ld+json\" class=\"yoast-schema-graph\">{\"@context\":\"https:\/\/schema.org\",\"@graph\":[{\"@type\":\"WebPage\",\"@id\":\"https:\/\/pokeroff.com\/de\/nehmen-sie-kontakt-auf\/\",\"url\":\"https:\/\/pokeroff.com\/de\/nehmen-sie-kontakt-auf\/\",\"name\":\"Nehmen Sie Kontakt auf! :\",\"isPartOf\":{\"@id\":\"https:\/\/pokeroff.com\/de\/#website\"},\"datePublished\":\"2024-03-24T16:51:39+00:00\",\"dateModified\":\"2024-04-12T12:29:27+00:00\",\"breadcrumb\":{\"@id\":\"https:\/\/pokeroff.com\/de\/nehmen-sie-kontakt-auf\/#breadcrumb\"},\"inLanguage\":\"de-DE\",\"potentialAction\":[{\"@type\":\"ReadAction\",\"target\":[\"https:\/\/pokeroff.com\/de\/nehmen-sie-kontakt-auf\/\"]}]},{\"@type\":\"BreadcrumbList\",\"@id\":\"https:\/\/pokeroff.com\/de\/nehmen-sie-kontakt-auf\/#breadcrumb\",\"itemListElement\":[{\"@type\":\"ListItem\",\"position\":1,\"name\":\"Home\",\"item\":\"https:\/\/pokeroff.com\/de\/\"},{\"@type\":\"ListItem\",\"position\":2,\"name\":\"Nehmen Sie Kontakt auf!\"}]},{\"@type\":\"WebSite\",\"@id\":\"https:\/\/pokeroff.com\/de\/#website\",\"url\":\"https:\/\/pokeroff.com\/de\/\",\"name\":\"Pokeroff\",\"description\":\"\",\"alternateName\":\"Pokeroff\",\"potentialAction\":[{\"@type\":\"SearchAction\",\"target\":{\"@type\":\"EntryPoint\",\"urlTemplate\":\"https:\/\/pokeroff.com\/de\/?s={search_term_string}\"},\"query-input\":\"required name=search_term_string\"}],\"inLanguage\":\"de-DE\"}]}<\/script>\n","yoast_head_json":{"title":"Nehmen Sie Kontakt auf! :","robots":{"index":"index","follow":"follow","max-snippet":"max-snippet:-1","max-image-preview":"max-image-preview:large","max-video-preview":"max-video-preview:-1"},"canonical":"https:\/\/pokeroff.com\/de\/nehmen-sie-kontakt-auf\/","og_locale":"de_DE","og_type":"article","og_title":"Nehmen Sie Kontakt auf! :","og_description":"Wir sind hier, um Ihnen zu helfen, Ihr Pokerspiel zu verbessern, egal ob Sie gerade erst anfangen oder ein erfahrener High Roller sind. Unser Team ist jeden Tag, auch am Wochenende, verf\u00fcgbar, um Unterst\u00fctzung zu bieten und alle Ihre Fragen zu beantworten. Kontaktieren Sie uns \u00fcber einen der folgenden Kan\u00e4le: Was wir bieten F\u00fchlen Sie [&hellip;]","og_url":"https:\/\/pokeroff.com\/de\/nehmen-sie-kontakt-auf\/","article_modified_time":"2024-04-12T12:29:27+00:00","twitter_card":"summary_large_image","twitter_misc":{"Est. reading time":"1 Minute"},"schema":{"@context":"https:\/\/schema.org","@graph":[{"@type":"WebPage","@id":"https:\/\/pokeroff.com\/de\/nehmen-sie-kontakt-auf\/","url":"https:\/\/pokeroff.com\/de\/nehmen-sie-kontakt-auf\/","name":"Nehmen Sie Kontakt auf! :","isPartOf":{"@id":"https:\/\/pokeroff.com\/de\/#website"},"datePublished":"2024-03-24T16:51:39+00:00","dateModified":"2024-04-12T12:29:27+00:00","breadcrumb":{"@id":"https:\/\/pokeroff.com\/de\/nehmen-sie-kontakt-auf\/#breadcrumb"},"inLanguage":"de-DE","potentialAction":[{"@type":"ReadAction","target":["https:\/\/pokeroff.com\/de\/nehmen-sie-kontakt-auf\/"]}]},{"@type":"BreadcrumbList","@id":"https:\/\/pokeroff.com\/de\/nehmen-sie-kontakt-auf\/#breadcrumb","itemListElement":[{"@type":"ListItem","position":1,"name":"Home","item":"https:\/\/pokeroff.com\/de\/"},{"@type":"ListItem","position":2,"name":"Nehmen Sie Kontakt auf!"}]},{"@type":"WebSite","@id":"https:\/\/pokeroff.com\/de\/#website","url":"https:\/\/pokeroff.com\/de\/","name":"Pokeroff","description":"","alternateName":"Pokeroff","potentialAction":[{"@type":"SearchAction","target":{"@type":"EntryPoint","urlTemplate":"https:\/\/pokeroff.com\/de\/?s={search_term_string}"},"query-input":"required name=search_term_string"}],"inLanguage":"de-DE"}]}},"_links":{"self":[{"href":"https:\/\/pokeroff.com\/de\/wp-json\/wp\/v2\/pages\/720"}],"collection":[{"href":"https:\/\/pokeroff.com\/de\/wp-json\/wp\/v2\/pages"}],"about":[{"href":"https:\/\/pokeroff.com\/de\/wp-json\/wp\/v2\/types\/page"}],"author":[{"embeddable":true,"href":"https:\/\/pokeroff.com\/de\/wp-json\/wp\/v2\/users\/6"}],"replies":[{"embeddable":true,"href":"https:\/\/pokeroff.com\/de\/wp-json\/wp\/v2\/comments?post=720"}],"version-history":[{"count":0,"href":"https:\/\/pokeroff.com\/de\/wp-json\/wp\/v2\/pages\/720\/revisions"}],"wp:attachment":[{"href":"https:\/\/pokeroff.com\/de\/wp-json\/wp\/v2\/media?parent=720"}],"curies":[{"name":"wp","href":"https:\/\/api.w.org\/{rel}","templated":true}]}}