{"id":267,"date":"2024-03-14T10:37:00","date_gmt":"2024-03-14T10:37:00","guid":{"rendered":"https:\/\/pokeroff.com\/bedingungen-und-konditionen\/"},"modified":"2024-04-12T11:54:00","modified_gmt":"2024-04-12T11:54:00","slug":"bedingungen-und-konditionen","status":"publish","type":"page","link":"https:\/\/pokeroff.com\/de\/bedingungen-und-konditionen\/","title":{"rendered":"Bedingungen und Konditionen"},"content":{"rendered":"\n<p>Willkommen bei Pokeroff \u2014 einer Gemeinschaft f\u00fcr diejenigen, die Poker leben und atmen. Poker ist nicht nur ein Spiel; es ist eine Lebensart. Wir haben die folgenden Richtlinien festgelegt, um eine komfortable und respektvolle Umgebung f\u00fcr alle Benutzer zu gew\u00e4hrleisten:<\/p>\n\n<p><strong>Beitrag zum Inhalt<\/strong>: Wir ermutigen zu engagierten und informativen Beitr\u00e4gen. Themen und Nachrichten, die keinen informativen Inhalt bieten oder nicht zum Thema der Seite passen, sind jedoch nicht erw\u00fcnscht.<\/p>\n\n<p><strong>Respektvolle Kommunikation<\/strong>: Pokeroff ist eine Plattform f\u00fcr ruhige und respektvolle Interaktion. Wir bitten Sie, Beleidigungen, Obsz\u00f6nit\u00e4ten, Grobheit und jegliche Form von Aggression oder unangemessenem Verhalten zu unterlassen.<\/p>\n\n<p><strong>Originalit\u00e4t in Beitr\u00e4gen<\/strong>: Das Kopieren von anderen Seiten ohne Quellenangabe ist nicht gestattet. Das prim\u00e4re Ziel des Teilens von Inhalten sollte die Diskussion innerhalb unserer Gemeinschaft sein, nicht die F\u00f6rderung externer Projekte.<\/p>\n\n<p><strong>Authentizit\u00e4t und Identit\u00e4t<\/strong>: Personifizierung wird nicht toleriert. Benutzernamen sollten keine Namen bekannter Spieler oder anderer Seitenbenutzer enthalten, es sei denn, es handelt sich um Ihre authentische Identit\u00e4t. Vermeiden Sie Werbung und anst\u00f6\u00dfige Sprache in Ihrem Spitznamen. Avatare d\u00fcrfen keine falschen \u201eTOP\u201c und \u201ePRO\u201c Statussymbole darstellen oder offizielle Statussymbole nachahmen. Das Erstellen neuer Konten (Klone) nach einem Bann des Hauptkontos ist verboten.<\/p>\n\n<p><strong>Kein Spam<\/strong>: Die Verwendung pers\u00f6nlicher Nachrichten zur Massenverteilung unerw\u00fcnschter Nachrichten ist strengstens verboten.<\/p>\n\n<p><strong>Wohlt\u00e4tige Aktivit\u00e4ten<\/strong>: W\u00e4hrend wir die Gro\u00dfz\u00fcgigkeit und Hilfsbereitschaft unserer Gemeinschaft gegen\u00fcber Bed\u00fcrftigen sch\u00e4tzen, k\u00f6nnen Hilfsgesuche nur von aktiven Benutzern gestellt werden, um unsere Mitglieder vor betr\u00fcgerischen Schemata zu sch\u00fctzen. Bitte beachten Sie, dass die Seitenverwaltung die Authentizit\u00e4t solcher Beitr\u00e4ge nicht \u00fcberpr\u00fcft und nicht f\u00fcr deren Genauigkeit verantwortlich ist.<\/p>\n\n<p><strong>Werbung<\/strong>: Alle Formen der Werbung auf der Seite m\u00fcssen von der Seitenverwaltung vorab genehmigt werden.<\/p>\n\n<p><strong>Datenschutz<\/strong>: Ihre Registrierungsdaten sind bei uns sicher. Wir geben Ihre pers\u00f6nlichen Informationen nicht weiter und speichern sie sicher. Abonnenten erhalten einmal w\u00f6chentlich einen \u00dcberblick \u00fcber die wichtigsten Nachrichten, von dem sie sich jederzeit abmelden k\u00f6nnen.<\/p>\n\n<p><strong>Durchsetzung und Einhaltung<\/strong>: Materialien, die gegen unsere Regeln versto\u00dfen, k\u00f6nnen verschoben oder gel\u00f6scht werden. In der Regel werden Verst\u00f6\u00dfe angemahnt und den Betreffenden wird die M\u00f6glichkeit gegeben, ihre Handlungen zu korrigieren. Schwere oder wiederholte Verst\u00f6\u00dfe k\u00f6nnen zu einem tempor\u00e4ren oder permanenten Bann f\u00fchren.<\/p>\n\n<p>Mit Ihrer Teilnahme an der Pokeroff-Gemeinschaft stimmen Sie diesen Nutzungsbedingungen zu, die darauf abzielen, unsere Seite zu einem einladenden und produktiven Umfeld f\u00fcr alle Pokerbegeisterten zu machen. Lassen Sie uns verantwortungsbewusst spielen und einander im Geiste des Spiels respektieren.<\/p>\n","protected":false},"excerpt":{"rendered":"<p>Willkommen bei Pokeroff \u2014 einer Gemeinschaft f\u00fcr diejenigen, die Poker leben und atmen. Poker ist nicht nur ein Spiel; es ist eine Lebensart. Wir haben die folgenden Richtlinien festgelegt, um eine komfortable und respektvolle Umgebung f\u00fcr alle Benutzer zu gew\u00e4hrleisten: Beitrag zum Inhalt: Wir ermutigen zu engagierten und informativen Beitr\u00e4gen. Themen und Nachrichten, die keinen [&hellip;]<\/p>\n","protected":false},"author":6,"featured_media":0,"parent":0,"menu_order":0,"comment_status":"closed","ping_status":"closed","template":"for-text-content","meta":{"_acf_changed":false,"inline_featured_image":false,"footnotes":""},"acf":[],"yoast_head":"\n<title>Bedingungen und Konditionen :<\/title>\n<meta name=\"robots\" content=\"index, follow, max-snippet:-1, max-image-preview:large, max-video-preview:-1\" \/>\n<link rel=\"canonical\" href=\"https:\/\/pokeroff.com\/de\/bedingungen-und-konditionen\/\" \/>\n<meta property=\"og:locale\" content=\"de_DE\" \/>\n<meta property=\"og:type\" content=\"article\" \/>\n<meta property=\"og:title\" content=\"Bedingungen und Konditionen :\" \/>\n<meta property=\"og:description\" content=\"Willkommen bei Pokeroff \u2014 einer Gemeinschaft f\u00fcr diejenigen, die Poker leben und atmen. Poker ist nicht nur ein Spiel; es ist eine Lebensart. Wir haben die folgenden Richtlinien festgelegt, um eine komfortable und respektvolle Umgebung f\u00fcr alle Benutzer zu gew\u00e4hrleisten: Beitrag zum Inhalt: Wir ermutigen zu engagierten und informativen Beitr\u00e4gen. Themen und Nachrichten, die keinen [&hellip;]\" \/>\n<meta property=\"og:url\" content=\"https:\/\/pokeroff.com\/de\/bedingungen-und-konditionen\/\" \/>\n<meta property=\"article:modified_time\" content=\"2024-04-12T11:54:00+00:00\" \/>\n<meta name=\"twitter:card\" content=\"summary_large_image\" \/>\n<meta name=\"twitter:label1\" content=\"Est. reading time\" \/>\n\t<meta name=\"twitter:data1\" content=\"2 Minuten\" \/>\n<script type=\"application\/ld+json\" class=\"yoast-schema-graph\">{\"@context\":\"https:\/\/schema.org\",\"@graph\":[{\"@type\":\"WebPage\",\"@id\":\"https:\/\/pokeroff.com\/de\/bedingungen-und-konditionen\/\",\"url\":\"https:\/\/pokeroff.com\/de\/bedingungen-und-konditionen\/\",\"name\":\"Bedingungen und Konditionen :\",\"isPartOf\":{\"@id\":\"https:\/\/pokeroff.com\/de\/#website\"},\"datePublished\":\"2024-03-14T10:37:00+00:00\",\"dateModified\":\"2024-04-12T11:54:00+00:00\",\"breadcrumb\":{\"@id\":\"https:\/\/pokeroff.com\/de\/bedingungen-und-konditionen\/#breadcrumb\"},\"inLanguage\":\"de-DE\",\"potentialAction\":[{\"@type\":\"ReadAction\",\"target\":[\"https:\/\/pokeroff.com\/de\/bedingungen-und-konditionen\/\"]}]},{\"@type\":\"BreadcrumbList\",\"@id\":\"https:\/\/pokeroff.com\/de\/bedingungen-und-konditionen\/#breadcrumb\",\"itemListElement\":[{\"@type\":\"ListItem\",\"position\":1,\"name\":\"Home\",\"item\":\"https:\/\/pokeroff.com\/de\/\"},{\"@type\":\"ListItem\",\"position\":2,\"name\":\"Bedingungen und Konditionen\"}]},{\"@type\":\"WebSite\",\"@id\":\"https:\/\/pokeroff.com\/de\/#website\",\"url\":\"https:\/\/pokeroff.com\/de\/\",\"name\":\"Pokeroff\",\"description\":\"\",\"alternateName\":\"Pokeroff\",\"potentialAction\":[{\"@type\":\"SearchAction\",\"target\":{\"@type\":\"EntryPoint\",\"urlTemplate\":\"https:\/\/pokeroff.com\/de\/?s={search_term_string}\"},\"query-input\":\"required name=search_term_string\"}],\"inLanguage\":\"de-DE\"}]}<\/script>\n","yoast_head_json":{"title":"Bedingungen und Konditionen :","robots":{"index":"index","follow":"follow","max-snippet":"max-snippet:-1","max-image-preview":"max-image-preview:large","max-video-preview":"max-video-preview:-1"},"canonical":"https:\/\/pokeroff.com\/de\/bedingungen-und-konditionen\/","og_locale":"de_DE","og_type":"article","og_title":"Bedingungen und Konditionen :","og_description":"Willkommen bei Pokeroff \u2014 einer Gemeinschaft f\u00fcr diejenigen, die Poker leben und atmen. Poker ist nicht nur ein Spiel; es ist eine Lebensart. Wir haben die folgenden Richtlinien festgelegt, um eine komfortable und respektvolle Umgebung f\u00fcr alle Benutzer zu gew\u00e4hrleisten: Beitrag zum Inhalt: Wir ermutigen zu engagierten und informativen Beitr\u00e4gen. Themen und Nachrichten, die keinen [&hellip;]","og_url":"https:\/\/pokeroff.com\/de\/bedingungen-und-konditionen\/","article_modified_time":"2024-04-12T11:54:00+00:00","twitter_card":"summary_large_image","twitter_misc":{"Est. reading time":"2 Minuten"},"schema":{"@context":"https:\/\/schema.org","@graph":[{"@type":"WebPage","@id":"https:\/\/pokeroff.com\/de\/bedingungen-und-konditionen\/","url":"https:\/\/pokeroff.com\/de\/bedingungen-und-konditionen\/","name":"Bedingungen und Konditionen :","isPartOf":{"@id":"https:\/\/pokeroff.com\/de\/#website"},"datePublished":"2024-03-14T10:37:00+00:00","dateModified":"2024-04-12T11:54:00+00:00","breadcrumb":{"@id":"https:\/\/pokeroff.com\/de\/bedingungen-und-konditionen\/#breadcrumb"},"inLanguage":"de-DE","potentialAction":[{"@type":"ReadAction","target":["https:\/\/pokeroff.com\/de\/bedingungen-und-konditionen\/"]}]},{"@type":"BreadcrumbList","@id":"https:\/\/pokeroff.com\/de\/bedingungen-und-konditionen\/#breadcrumb","itemListElement":[{"@type":"ListItem","position":1,"name":"Home","item":"https:\/\/pokeroff.com\/de\/"},{"@type":"ListItem","position":2,"name":"Bedingungen und Konditionen"}]},{"@type":"WebSite","@id":"https:\/\/pokeroff.com\/de\/#website","url":"https:\/\/pokeroff.com\/de\/","name":"Pokeroff","description":"","alternateName":"Pokeroff","potentialAction":[{"@type":"SearchAction","target":{"@type":"EntryPoint","urlTemplate":"https:\/\/pokeroff.com\/de\/?s={search_term_string}"},"query-input":"required name=search_term_string"}],"inLanguage":"de-DE"}]}},"_links":{"self":[{"href":"https:\/\/pokeroff.com\/de\/wp-json\/wp\/v2\/pages\/267"}],"collection":[{"href":"https:\/\/pokeroff.com\/de\/wp-json\/wp\/v2\/pages"}],"about":[{"href":"https:\/\/pokeroff.com\/de\/wp-json\/wp\/v2\/types\/page"}],"author":[{"embeddable":true,"href":"https:\/\/pokeroff.com\/de\/wp-json\/wp\/v2\/users\/6"}],"replies":[{"embeddable":true,"href":"https:\/\/pokeroff.com\/de\/wp-json\/wp\/v2\/comments?post=267"}],"version-history":[{"count":0,"href":"https:\/\/pokeroff.com\/de\/wp-json\/wp\/v2\/pages\/267\/revisions"}],"wp:attachment":[{"href":"https:\/\/pokeroff.com\/de\/wp-json\/wp\/v2\/media?parent=267"}],"curies":[{"name":"wp","href":"https:\/\/api.w.org\/{rel}","templated":true}]}}