{"id":265,"date":"2024-03-14T10:57:43","date_gmt":"2024-03-14T10:57:43","guid":{"rendered":"https:\/\/pokeroff.com\/haftungsausschluss\/"},"modified":"2024-04-12T12:10:27","modified_gmt":"2024-04-12T12:10:27","slug":"haftungsausschluss","status":"publish","type":"page","link":"https:\/\/pokeroff.com\/de\/haftungsausschluss\/","title":{"rendered":"Haftungsausschluss"},"content":{"rendered":"\n<p>Pokeroff.com ist nicht direkt mit dem Betrieb von Online-Pokerzimmern oder Anbietern von Online-Pokerunterhaltung und Gl\u00fccksspiel verbunden. Wir dienen als Informationsquelle und bieten Bewertungen und Werbung f\u00fcr ausgew\u00e4hlte Pokerzimmer ausschlie\u00dflich zu Informations- und Marketingzwecken an. Die auf unserer Seite vorgestellten Pokerzimmer werden, nach unserem besten Wissen, nicht in den Vereinigten Staaten von Amerika verwaltet oder betrieben.<\/p>\n\n<p>Bei Pokeroff.com bem\u00fchen wir uns, die Genauigkeit der Inhalte auf unserer Seite aufrechtzuerhalten, k\u00f6nnen jedoch die Abwesenheit von Fehlern oder Auslassungen nicht garantieren. Wir behalten uns das Recht vor, den Inhalt und die Angebote auf unserer Website jederzeit ohne vorherige Ank\u00fcndigung zu \u00e4ndern. Marken, Firmennamen, Logos, Icons, Grafiken oder Designs, die auf unserer Website erw\u00e4hnt werden, geh\u00f6ren ihren jeweiligen Eigent\u00fcmern und werden in einer Weise dargestellt, die diesen Eigent\u00fcmern zum Vorteil gereichen soll, ohne deren Rechte zu verletzen. Pokeroff.com macht keine Zusicherungen hinsichtlich der Genauigkeit, Aktualit\u00e4t, Zuverl\u00e4ssigkeit oder Vollst\u00e4ndigkeit von Informationen, Texten, Grafiken, Links oder anderen Elementen, die auf dieser Website enthalten sind. Dar\u00fcber hinaus garantieren wir nicht f\u00fcr die Qualit\u00e4t, Eignung, Titel oder Nichtverletzung von Produkten oder Werbeaktionen Dritter, noch \u00fcbernehmen wir die Verantwortung f\u00fcr m\u00f6gliche Computerviren, Fehler oder M\u00e4ngel in der Software oder den Dienstleistungen, die von uns oder Dritten bereitgestellt werden, die Sch\u00e4den an Ihren Ger\u00e4ten oder Eigentum verursachen k\u00f6nnten. Demnach werden alle Informationen auf dieser Seite &#8222;wie besehen&#8220; und ohne jegliche Gew\u00e4hrleistung angeboten.<\/p>\n\n<p>Die Aktionen, Regeln und Vorschriften der auf unserer Website aufgef\u00fchrten Pokerzimmer k\u00f6nnen sich nach Ermessen dieser R\u00e4ume \u00e4ndern. Sie k\u00f6nnen Werbeaktionen ohne vorherige Ank\u00fcndigung \u00e4ndern oder stornieren. Wir empfehlen den Benutzern, immer die spezifischen Gesch\u00e4ftsbedingungen auf der Website des Pokerzimmers zu \u00fcberpr\u00fcfen, bevor sie spielen.<\/p>\n\n<p>Die auf Pokeroff.com bereitgestellten Inhalte sind urheberrechtlich gesch\u00fctzt, und jede unbefugte Nutzung dieser Inhalte ohne die ausdr\u00fcckliche schriftliche Zustimmung von Pokeroff.com stellt eine Verletzung des Urheberrechts und der Markenrechte dar.<\/p>\n\n<p>Pokeroff.com r\u00e4t Benutzern, die Legalit\u00e4t des Online-Pokerspiels an ihrem spezifischen Standort, einschlie\u00dflich ihrer Stadt, ihres Bundesstaates oder Landes, zu \u00fcberpr\u00fcfen. Benutzer m\u00fcssen die lokalen Gl\u00fccksspielgesetze einhalten, einschlie\u00dflich Altersbeschr\u00e4nkungen und Steuerpflichten. Es ist die Verantwortung des Benutzers, sich dieser Gesetze bewusst zu sein und sie zu respektieren.<\/p>\n\n<p>Durch den Zugriff auf unsere Seite und die dort aufgef\u00fchrten Pokerzimmer erkennen die Benutzer das Risiko an, Gelder zu verlieren, die bei diesen Online-Pokerzimmern eingezahlt und gewettet wurden. Pokeroff.com und seine Partner k\u00f6nnen nicht f\u00fcr solche Verluste verantwortlich gemacht werden. Verluste, die beim Spielen in auf Pokeroff.com vorgestellten Pokerzimmern entstehen, fallen nicht in die Verantwortung von Pokeroff.com, seinen verbundenen Unternehmen, Auftragnehmern oder Lieferanten.<\/p>\n\n<p>Pokeroff.com zielt darauf ab, vollst\u00e4ndige, genaue und aktuelle Informationen anzubieten. Sollten Sie auf Unvollst\u00e4ndigkeiten oder Ungenauigkeiten sto\u00dfen, begr\u00fc\u00dfen und sch\u00e4tzen wir Ihr Feedback. Wir sind f\u00fcr solche Angelegenheiten unter support@pokeroff.com erreichbar.<\/p>\n","protected":false},"excerpt":{"rendered":"<p>Pokeroff.com ist nicht direkt mit dem Betrieb von Online-Pokerzimmern oder Anbietern von Online-Pokerunterhaltung und Gl\u00fccksspiel verbunden. Wir dienen als Informationsquelle und bieten Bewertungen und Werbung f\u00fcr ausgew\u00e4hlte Pokerzimmer ausschlie\u00dflich zu Informations- und Marketingzwecken an. Die auf unserer Seite vorgestellten Pokerzimmer werden, nach unserem besten Wissen, nicht in den Vereinigten Staaten von Amerika verwaltet oder betrieben. [&hellip;]<\/p>\n","protected":false},"author":1,"featured_media":0,"parent":0,"menu_order":0,"comment_status":"closed","ping_status":"closed","template":"for-text-content","meta":{"_acf_changed":false,"inline_featured_image":false,"footnotes":""},"acf":[],"yoast_head":"\n<title>Haftungsausschluss :<\/title>\n<meta name=\"robots\" content=\"index, follow, max-snippet:-1, max-image-preview:large, max-video-preview:-1\" \/>\n<link rel=\"canonical\" href=\"https:\/\/pokeroff.com\/de\/haftungsausschluss\/\" \/>\n<meta property=\"og:locale\" content=\"de_DE\" \/>\n<meta property=\"og:type\" content=\"article\" \/>\n<meta property=\"og:title\" content=\"Haftungsausschluss :\" \/>\n<meta property=\"og:description\" content=\"Pokeroff.com ist nicht direkt mit dem Betrieb von Online-Pokerzimmern oder Anbietern von Online-Pokerunterhaltung und Gl\u00fccksspiel verbunden. Wir dienen als Informationsquelle und bieten Bewertungen und Werbung f\u00fcr ausgew\u00e4hlte Pokerzimmer ausschlie\u00dflich zu Informations- und Marketingzwecken an. Die auf unserer Seite vorgestellten Pokerzimmer werden, nach unserem besten Wissen, nicht in den Vereinigten Staaten von Amerika verwaltet oder betrieben. [&hellip;]\" \/>\n<meta property=\"og:url\" content=\"https:\/\/pokeroff.com\/de\/haftungsausschluss\/\" \/>\n<meta property=\"article:modified_time\" content=\"2024-04-12T12:10:27+00:00\" \/>\n<meta name=\"twitter:card\" content=\"summary_large_image\" \/>\n<meta name=\"twitter:label1\" content=\"Est. reading time\" \/>\n\t<meta name=\"twitter:data1\" content=\"2 Minuten\" \/>\n<script type=\"application\/ld+json\" class=\"yoast-schema-graph\">{\"@context\":\"https:\/\/schema.org\",\"@graph\":[{\"@type\":\"WebPage\",\"@id\":\"https:\/\/pokeroff.com\/de\/haftungsausschluss\/\",\"url\":\"https:\/\/pokeroff.com\/de\/haftungsausschluss\/\",\"name\":\"Haftungsausschluss :\",\"isPartOf\":{\"@id\":\"https:\/\/pokeroff.com\/de\/#website\"},\"datePublished\":\"2024-03-14T10:57:43+00:00\",\"dateModified\":\"2024-04-12T12:10:27+00:00\",\"breadcrumb\":{\"@id\":\"https:\/\/pokeroff.com\/de\/haftungsausschluss\/#breadcrumb\"},\"inLanguage\":\"de-DE\",\"potentialAction\":[{\"@type\":\"ReadAction\",\"target\":[\"https:\/\/pokeroff.com\/de\/haftungsausschluss\/\"]}]},{\"@type\":\"BreadcrumbList\",\"@id\":\"https:\/\/pokeroff.com\/de\/haftungsausschluss\/#breadcrumb\",\"itemListElement\":[{\"@type\":\"ListItem\",\"position\":1,\"name\":\"Home\",\"item\":\"https:\/\/pokeroff.com\/de\/\"},{\"@type\":\"ListItem\",\"position\":2,\"name\":\"Haftungsausschluss\"}]},{\"@type\":\"WebSite\",\"@id\":\"https:\/\/pokeroff.com\/de\/#website\",\"url\":\"https:\/\/pokeroff.com\/de\/\",\"name\":\"Pokeroff\",\"description\":\"\",\"alternateName\":\"Pokeroff\",\"potentialAction\":[{\"@type\":\"SearchAction\",\"target\":{\"@type\":\"EntryPoint\",\"urlTemplate\":\"https:\/\/pokeroff.com\/de\/?s={search_term_string}\"},\"query-input\":\"required name=search_term_string\"}],\"inLanguage\":\"de-DE\"}]}<\/script>\n","yoast_head_json":{"title":"Haftungsausschluss :","robots":{"index":"index","follow":"follow","max-snippet":"max-snippet:-1","max-image-preview":"max-image-preview:large","max-video-preview":"max-video-preview:-1"},"canonical":"https:\/\/pokeroff.com\/de\/haftungsausschluss\/","og_locale":"de_DE","og_type":"article","og_title":"Haftungsausschluss :","og_description":"Pokeroff.com ist nicht direkt mit dem Betrieb von Online-Pokerzimmern oder Anbietern von Online-Pokerunterhaltung und Gl\u00fccksspiel verbunden. Wir dienen als Informationsquelle und bieten Bewertungen und Werbung f\u00fcr ausgew\u00e4hlte Pokerzimmer ausschlie\u00dflich zu Informations- und Marketingzwecken an. Die auf unserer Seite vorgestellten Pokerzimmer werden, nach unserem besten Wissen, nicht in den Vereinigten Staaten von Amerika verwaltet oder betrieben. [&hellip;]","og_url":"https:\/\/pokeroff.com\/de\/haftungsausschluss\/","article_modified_time":"2024-04-12T12:10:27+00:00","twitter_card":"summary_large_image","twitter_misc":{"Est. reading time":"2 Minuten"},"schema":{"@context":"https:\/\/schema.org","@graph":[{"@type":"WebPage","@id":"https:\/\/pokeroff.com\/de\/haftungsausschluss\/","url":"https:\/\/pokeroff.com\/de\/haftungsausschluss\/","name":"Haftungsausschluss :","isPartOf":{"@id":"https:\/\/pokeroff.com\/de\/#website"},"datePublished":"2024-03-14T10:57:43+00:00","dateModified":"2024-04-12T12:10:27+00:00","breadcrumb":{"@id":"https:\/\/pokeroff.com\/de\/haftungsausschluss\/#breadcrumb"},"inLanguage":"de-DE","potentialAction":[{"@type":"ReadAction","target":["https:\/\/pokeroff.com\/de\/haftungsausschluss\/"]}]},{"@type":"BreadcrumbList","@id":"https:\/\/pokeroff.com\/de\/haftungsausschluss\/#breadcrumb","itemListElement":[{"@type":"ListItem","position":1,"name":"Home","item":"https:\/\/pokeroff.com\/de\/"},{"@type":"ListItem","position":2,"name":"Haftungsausschluss"}]},{"@type":"WebSite","@id":"https:\/\/pokeroff.com\/de\/#website","url":"https:\/\/pokeroff.com\/de\/","name":"Pokeroff","description":"","alternateName":"Pokeroff","potentialAction":[{"@type":"SearchAction","target":{"@type":"EntryPoint","urlTemplate":"https:\/\/pokeroff.com\/de\/?s={search_term_string}"},"query-input":"required name=search_term_string"}],"inLanguage":"de-DE"}]}},"_links":{"self":[{"href":"https:\/\/pokeroff.com\/de\/wp-json\/wp\/v2\/pages\/265"}],"collection":[{"href":"https:\/\/pokeroff.com\/de\/wp-json\/wp\/v2\/pages"}],"about":[{"href":"https:\/\/pokeroff.com\/de\/wp-json\/wp\/v2\/types\/page"}],"author":[{"embeddable":true,"href":"https:\/\/pokeroff.com\/de\/wp-json\/wp\/v2\/users\/1"}],"replies":[{"embeddable":true,"href":"https:\/\/pokeroff.com\/de\/wp-json\/wp\/v2\/comments?post=265"}],"version-history":[{"count":0,"href":"https:\/\/pokeroff.com\/de\/wp-json\/wp\/v2\/pages\/265\/revisions"}],"wp:attachment":[{"href":"https:\/\/pokeroff.com\/de\/wp-json\/wp\/v2\/media?parent=265"}],"curies":[{"name":"wp","href":"https:\/\/api.w.org\/{rel}","templated":true}]}}